{"id":948,"date":"2026-03-20T11:57:53","date_gmt":"2026-03-20T11:57:53","guid":{"rendered":"https:\/\/poesia.premiojovellanos.com\/?page_id=948"},"modified":"2026-03-23T16:23:14","modified_gmt":"2026-03-23T16:23:14","slug":"noticias","status":"publish","type":"page","link":"https:\/\/poesia.premiojovellanos.com\/?page_id=948","title":{"rendered":"Noticias"},"content":{"rendered":"\n<div class=\"wp-block-query alignfull is-layout-flow wp-block-query-is-layout-flow\">\n<div class=\"inherit-container-width wp-block-group alignfull is-layout-constrained wp-container-core-group-is-layout-9705c21a wp-block-group-is-layout-constrained\" style=\"padding-top:0;padding-right:var(--wp--preset--spacing--40);padding-bottom:var(--wp--preset--spacing--40);padding-left:var(--wp--preset--spacing--40)\"><\/div>\n<\/div>\n\n\n\n<div class=\"wp-block-query alignfull is-layout-flow wp-block-query-is-layout-flow\">\n<div class=\"inherit-container-width wp-block-group alignfull is-layout-constrained wp-container-core-group-is-layout-26cd52f2 wp-block-group-is-layout-constrained\" style=\"padding-top:var(--wp--preset--spacing--40);padding-right:var(--wp--preset--spacing--40);padding-bottom:var(--wp--preset--spacing--40);padding-left:var(--wp--preset--spacing--40)\"><ul style=\"text-transform:none;\" class=\"wp-block-post-template is-layout-flow wp-block-post-template-is-layout-flow\"><li class=\"wp-block-post post-1 post type-post status-publish format-standard hentry category-uncategorized\">\n\n<div class=\"inherit-container-width wp-block-group is-layout-constrained wp-block-group-is-layout-constrained\">\n<div class=\"wp-block-group is-vertical is-layout-flex wp-container-core-group-is-layout-cedeea28 wp-block-group-is-layout-flex\" style=\"padding-bottom:var(--wp--preset--spacing--80)\">\n<div class=\"inherit-container-width wp-block-group is-layout-constrained wp-block-group-is-layout-constrained\" style=\"margin-top:0;margin-bottom:0\">\n<p class=\"has-text-align-center has-large-font-size\"><strong>El escritor andaluz Diego Vaya obtiene el XIII Premio Internacional de Poes\u00eda Jovellanos, <\/strong><strong>El Mejor Poema del Mundo, con su composici\u00f3n <em>Retrato (imperfecto) de familia<\/em><\/strong><\/p>\n\n\n\n<p>Hoy, <strong>21 de marzo, D\u00eda Mundial de la Poes\u00eda<\/strong>, Ediciones Nobel premia desde Asturias como El Mejor Poema del Mundo <strong><em>Retrato (imperfecto) de familia<\/em><\/strong>, escrito por el poeta andaluz Diego Vaya.<\/p>\n\n\n\n<p>Por realizar un retrato de la compleja sencillez de los lazos familiares a trav\u00e9s de la descripci\u00f3n de una fotograf\u00eda cotidiana, con un lenguaje en apariencia prosaico pero preciso y sugerente.<\/p>\n\n\n\n<p>El poema se editar\u00e1 en un libro junto a los otros finalistas seleccionados por el jurado. Ediciones Nobel dar\u00e1 a conocer en los pr\u00f3ximos d\u00edas la lista definitiva de finalistas en su p\u00e1gina web y medios sociales. El premio est\u00e1 dotado con 2.000 euros. La entrega se realizar\u00e1 en una ceremonia conjunta con el Premio Internacional de Ensayo Jovellanos en fecha por determinar.<\/p>\n\n\n\n<p>En esta edici\u00f3n se han recibido <strong>2683 candidaturas<\/strong>. En total est\u00e1n representados 44 pa\u00edses en lo que viene a suponer un nuevo \u00e9xito de esta convocatoria que re\u00fane a escritores tan diferentes bajo la llamada de la poes\u00eda. De entre estas candidaturas hay que destacar <strong>1182 de Espa\u00f1a; 362 de Argentina; 239 de Colombia; 261 de M\u00e9xico y 64 de Venezuela<\/strong>, entre muchos otros pa\u00edses; pero tambi\u00e9n han llegado composiciones desde Costa de Marfil, Francia, Guinea ecuatorial y Serbia, resaltando as\u00ed el car\u00e1cter internacional de la convocatoria.<\/p>\n\n\n\n<p>El fallo de este Premio es una de las actividades principales de la iniciativa <strong>Asturias, Capital Mundial de la Poes\u00eda,<\/strong> que busca que Unesco reconozca al Principado con esta distinci\u00f3n.<\/p>\n\n\n\n<p>El Premio Internacional de Poes\u00eda Jovellanos contin\u00faa con el mismo esp\u00edritu con el que naci\u00f3: hacer realidad la sugestiva utop\u00eda de encontrar cada a\u00f1o \u201cel mejor poema del mundo\u201d con el fin de recordar al ilustre Gaspar Melchor de Jovellanos.<\/p>\n\n\n\n<p>Una de las peculiaridades a recordar de este Premio es que los poemas que se presenten pueden estar escritos en cualquiera de las numerosas lenguas del mundo.<\/p>\n\n\n\n<p><strong>Anteriores ganadores<\/strong><\/p>\n\n\n\n<p>2014: <em>Sy<\/em> (<em>Madre<\/em>). Cristian David L\u00f3pez<\/p>\n\n\n\n<p>2015: <em>Ch\u0101k<\/em>&nbsp;(<em>Escapar<\/em>). Sepideh Jodeyri.<\/p>\n\n\n\n<p>2016: <em>La oscura intimidad de la medusa<\/em>. Celia Corral Ca\u00f1as.<\/p>\n\n\n\n<p>2017: <em>Lista da compra da vi\u00fava <\/em>(<em>Lista de la compra de la viuda<\/em>). Emma Pedreira.<\/p>\n\n\n\n<p>2018: <em>Alejandr\u00eda<\/em>. Alejandro Garm\u00f3n.<\/p>\n\n\n\n<p>2019: <em>Alzheimer<\/em>. Eliseu Ferrero Calatayud.<\/p>\n\n\n\n<p>2020: <em>Arrugas<\/em>. Dalia Alonso Secades.<\/p>\n\n\n\n<p>2021: <em>La tierra de los fracasados.<\/em> Alicia Louzao.<\/p>\n\n\n\n<p>2022: <em>La estatua de Bol\u00edvar.<\/em> \u00d3scar Eduardo Soto.<\/p>\n\n\n\n<p>2023: <em>Posibilidad de la I.A<\/em>. Jorge Varela.<\/p>\n\n\n\n<p>2024: <em>Plegaria por las conversaciones<\/em>. Jes\u00fas Beades.<\/p>\n\n\n\n<p>2025: <em>Poema por escribir.<\/em> Vanesa P\u00e9rez-Sauquillo<\/p>\n\n\n\n<p><strong>Biograf\u00eda de Diego Vaya<\/strong><\/p>\n\n\n\n<p>Diego Vaya es profesor y Licenciado en Filolog\u00eda Hisp\u00e1nica por la Universidad de Sevilla. Aparece en diversas antolog\u00edas de la poes\u00eda espa\u00f1ola contempor\u00e1nea. Tiene m\u00e1s de diez publicaciones, acc\u00e9sit y premios.<\/p>\n\n\n\n<p><strong>El poema ganador<\/strong><\/p>\n\n\n\n<p>RETRATO (IMPERFECTO) DE FAMILIA \u2013 DIEGO VAYA<\/p>\n\n\n\n<p>Mi padre est\u00e1 al fondo,&nbsp;<\/p>\n\n\n\n<p>tan al fondo que parece<br>que nunca hubiese pisado la casa.<br><\/p>\n\n\n\n<p>En el centro, mam\u00e1 sonr\u00ede:<\/p>\n\n\n\n<p>no sabe todav\u00eda<\/p>\n\n\n\n<p>que ya es un fantasma.<\/p>\n\n\n\n<p>Mi hermana sale con los ojos cerrados<\/p>\n\n\n\n<p>porque se ha convencido de que cuando no mira<\/p>\n\n\n\n<p>todo desaparece a su alrededor,<\/p>\n\n\n\n<p>pero al final es ella quien se ha vuelto invisible.<\/p>\n\n\n\n<p>Echado en el suelo, nuestro perro,&nbsp;<\/p>\n\n\n\n<p>el \u00fanico que am\u00f3 en esta familia<\/p>\n\n\n\n<p>sin condiciones ni met\u00e1foras,<\/p>\n\n\n\n<p>contempla al fot\u00f3grafo<br>suplicando otra vida.<\/p>\n\n\n\n<p>En cuanto a m\u00ed, aparezco en una esquina<\/p>\n\n\n\n<p>con una mano fuera del encuadre,<br>quiz\u00e1 intentando agarrarme a algo,<br>quiz\u00e1 buscando un poema que se escapa.<\/p>\n\n\n\n<p>Hace ya mucho tiempo que el fot\u00f3grafo&nbsp;<\/p>\n\n\n\n<p>nos dej\u00f3 a solas.<\/p>\n\n\n\n<p>Sobre la mesa del sal\u00f3n, la foto sobrevive<br>al polvo, a las mudanzas,<br>al intento en vano de que yo aclare&nbsp;<\/p>\n\n\n\n<p>la historia de la familia con un trapo h\u00famedo,<\/p>\n\n\n\n<p>arrugado y sucio de secretos.<\/p>\n\n\n\n<p>A veces pienso que la poes\u00eda naci\u00f3 as\u00ed:<br>alguien que quiere limpiar una foto<br>y en el cristal encuentra una mancha<\/p>\n\n\n\n<p>que no sale,&nbsp;<\/p>\n\n\n\n<p>y refriega hasta descubrir<\/p>\n\n\n\n<p>que todo es mancha, que debajo&nbsp;<\/p>\n\n\n\n<p>no hay nada m\u00e1s que ver, que nunca&nbsp;<\/p>\n\n\n\n<p>ha existido esa familia.<\/p>\n<\/div>\n<\/div>\n\n\n\n<div class=\"wp-block-uagb-advanced-heading uagb-block-d978e0d0\"><h2 class=\"uagb-heading-text\">Finalistas<\/h2><\/div>\n\n\n\n<p>Jes\u00fas Cotta Lobato &#8211; Mis paseos contigo<\/p>\n\n\n\n<p>Alba Bartolom\u00e9 Estrada &#8211; La parca<\/p>\n\n\n\n<p>Ovidio Parades \u00c1lvarez &#8211; Madre<\/p>\n\n\n\n<p>Mar\u00eda Fern\u00e1ndez Abril &#8211; El arte de la esgrima<\/p>\n\n\n\n<p>Lorenzo Roal &#8211; Nombres impropios<\/p>\n\n\n\n<p>Juan Carlos de Lara R\u00f3denas &#8211; El peso del tiempo<\/p>\n\n\n\n<p>Gabriela Prado &#8211; Poema<\/p>\n\n\n\n<p>Antonio Arteaga P\u00e9rez &#8211; Estado de la cuesti\u00f3n<\/p>\n\n\n\n<p>Jos\u00e9 Olmo L\u00f3pez &#8211; Pronunciar el incendio<\/p>\n\n\n\n<p>Ana Erostarbe Madrazo &#8211; En esta casa<\/p>\n\n\n\n<p>Irene Beatriz D\u00edaz Garc\u00eda &#8211; ANDR\u00d3MENAS<\/p>\n\n\n\n<p>Elisa Sestayo \u00c1lvarez-Sala &#8211; Fuera de m\u00ed<\/p>\n\n\n\n<p>Luis Alema\u00f1 Tenas &#8211; D\u00edas de verano a trav\u00e9s de un visillo<\/p>\n\n\n\n<p>Jes\u00fas Artacho &#8211; El inaudito viajar<\/p>\n\n\n\n<p>Diana Jim\u00e9nez Molano &#8211; Lutos encadenados<\/p>\n\n\n\n<p>Agust\u00edn Alonso Biscayar &#8211; Las cosas que no sirven para nada<\/p>\n\n\n\n<p>Mar\u00eda del Carmen Rita D\u00edaz Gonz\u00e1lez &#8211; Orfandad<\/p>\n\n\n\n<p>Milagros Mois\u00e9s Gonz\u00e1lez Alba &#8211; La gravedad de las cosas peque\u00f1as<\/p>\n\n\n\n<p>Laura Navarrete Puerto &#8211; Amor de cera<\/p>\n\n\n\n<p>Jimena Introcaso Irazabal &#8211; Palabras cautivas<\/p>\n\n\n\n<p>Margarita Le\u00f3n &#8211; Zi xuxu \/ Abuelita<\/p>\n\n\n\n<p>Jos\u00e9 Mar\u00eda Higuera Gonz\u00e1lez &#8211; En invierno los agostos<\/p>\n\n\n\n<p>Alejandro S\u00e1nchez &#8211; La memoria del r\u00edo<\/p>\n\n\n\n<p>Juan Mar\u00eda Calles Moreno &#8211; Jabal\u00eds en la niebla<\/p>\n\n\n\n<p>Manuel Garc\u00eda P\u00e9rez &#8211; Oraci\u00f3n a Virginia Woolf<\/p>\n\n\n\n<p>Julia Ferre Campos &#8211; Medea<\/p>\n\n\n\n<p>Ana Vega Burgos &#8211; Vendr\u00e1 el silencio<\/p>\n\n\n\n<p>Mar\u00eda Mart\u00edn Hern\u00e1ndez &#8211; Inventario de lo invisible<\/p>\n\n\n\n<p>Javier Y\u00e1niz Ciriza &#8211; Simurg, p\u00e1jaro entre-tiempos<\/p>\n\n\n\n<p>Manuel Merat D\u00edaz &#8211; Estaci\u00f3n de Invierno<\/p>\n<\/div>\n\n<\/li><\/ul><\/div>\n<\/div>\n","protected":false},"excerpt":{"rendered":"","protected":false},"author":1,"featured_media":0,"parent":0,"menu_order":0,"comment_status":"closed","ping_status":"closed","template":"","meta":{"_uag_custom_page_level_css":"","site-sidebar-layout":"default","site-content-layout":"default","ast-global-header-display":"","ast-banner-title-visibility":"","ast-main-header-display":"","ast-hfb-above-header-display":"","ast-hfb-below-header-display":"","ast-hfb-mobile-header-display":"","site-post-title":"","ast-breadcrumbs-content":"","ast-featured-img":"","footer-sml-layout":"","theme-transparent-header-meta":"","adv-header-id-meta":"","stick-header-meta":"","header-above-stick-meta":"","header-main-stick-meta":"","header-below-stick-meta":"","footnotes":""},"class_list":["post-948","page","type-page","status-publish","hentry"],"uagb_featured_image_src":{"full":false,"thumbnail":false,"medium":false,"medium_large":false,"large":false,"1536x1536":false,"2048x2048":false},"uagb_author_info":{"display_name":"admin","author_link":"https:\/\/poesia.premiojovellanos.com\/?author=1"},"uagb_comment_info":0,"uagb_excerpt":null,"_links":{"self":[{"href":"https:\/\/poesia.premiojovellanos.com\/index.php?rest_route=\/wp\/v2\/pages\/948","targetHints":{"allow":["GET"]}}],"collection":[{"href":"https:\/\/poesia.premiojovellanos.com\/index.php?rest_route=\/wp\/v2\/pages"}],"about":[{"href":"https:\/\/poesia.premiojovellanos.com\/index.php?rest_route=\/wp\/v2\/types\/page"}],"author":[{"embeddable":true,"href":"https:\/\/poesia.premiojovellanos.com\/index.php?rest_route=\/wp\/v2\/users\/1"}],"replies":[{"embeddable":true,"href":"https:\/\/poesia.premiojovellanos.com\/index.php?rest_route=%2Fwp%2Fv2%2Fcomments&post=948"}],"version-history":[{"count":4,"href":"https:\/\/poesia.premiojovellanos.com\/index.php?rest_route=\/wp\/v2\/pages\/948\/revisions"}],"predecessor-version":[{"id":954,"href":"https:\/\/poesia.premiojovellanos.com\/index.php?rest_route=\/wp\/v2\/pages\/948\/revisions\/954"}],"wp:attachment":[{"href":"https:\/\/poesia.premiojovellanos.com\/index.php?rest_route=%2Fwp%2Fv2%2Fmedia&parent=948"}],"curies":[{"name":"wp","href":"https:\/\/api.w.org\/{rel}","templated":true}]}}