{"id":107,"date":"2022-10-17T07:27:30","date_gmt":"2022-10-17T07:27:30","guid":{"rendered":"https:\/\/poesia.premiojovellanos.com\/?page_id=107"},"modified":"2025-04-04T09:05:30","modified_gmt":"2025-04-04T09:05:30","slug":"about","status":"publish","type":"page","link":"https:\/\/poesia.premiojovellanos.com\/?page_id=107","title":{"rendered":"\u00a1Bases 2026!"},"content":{"rendered":"\n<div class=\"wp-block-uagb-container uagb-block-ca1653e6 alignfull uagb-is-root-container\"><div class=\"uagb-container-inner-blocks-wrap\">\n<div class=\"wp-block-uagb-container uagb-block-c9f5b192\">\n<div class=\"wp-block-uagb-image uagb-block-f160e605 wp-block-uagb-image--layout-default wp-block-uagb-image--effect-static wp-block-uagb-image--align-none\"><figure class=\"wp-block-uagb-image__figure\"><img decoding=\"async\" srcset=\"https:\/\/poesia.premiojovellanos.com\/wp-content\/uploads\/2023\/07\/a4-paper-template-4279517-1024x641.jpg \" sizes=\"auto, (max-width: 480px) 150px\" src=\"https:\/\/poesia.premiojovellanos.com\/wp-content\/uploads\/2023\/07\/a4-paper-template-4279517-1024x641.jpg\" alt=\"a4, paper, template-4279517.jpg\" class=\"uag-image-886\" width=\"1024\" height=\"641\" title=\"\" loading=\"lazy\"\/><\/figure><\/div>\n<\/div>\n\n\n\n<div class=\"wp-block-uagb-container uagb-block-c406c676\">\n<div class=\"wp-block-uagb-info-box uagb-block-4e2f954a uagb-infobox__content-wrap  uagb-infobox-icon-above-title uagb-infobox-image-valign-top\"><div class=\"uagb-ifb-content\"><div class=\"uagb-ifb-title-wrap\"><\/div><p class=\"uagb-ifb-desc\">Tras el \u00e9xito alcanzado por las anteriores ediciones del Premio Internacional de Poes\u00eda Jovellanos, &#8216;El mejor Poema del Mundo&#8217;, Ediciones Nobel contin\u00faa la b\u00fasqueda ut\u00f3pica del mejor poema escrito en cualquier lengua del mundo<strong>.\u00a0<\/strong>Mantenemos as\u00ed un a\u00f1o m\u00e1s vivo en autores de todo el mundo el recuerdo del ilustrado espa\u00f1ol que engrandeci\u00f3 con su vida, obra y pensamiento a la humanidad entera, y entre cuya memorable obra escrita tambi\u00e9n tuvo su lugar la poes\u00eda.<br><br><strong>A continuaci\u00f3n pueden encontrar las bases para la convocatoria del a\u00f1o 2026.<\/strong><br><br>Haga<a href=\"https:\/\/forms.gle\/1EaPbth1ftSqbQwN8\"> <strong>clic <\/strong><\/a><strong><a href=\"https:\/\/forms.gle\/zDmhxSCG8CGPKifM9\">aqu\u00ed<\/a><a href=\"https:\/\/forms.gle\/XeGKSaGJmur4PPZ38\"> <\/a><\/strong>para participar en el Premio.<\/p><\/div><\/div>\n<\/div>\n<\/div><\/div>\n\n\n\n<div class=\"wp-block-uagb-buttons uagb-buttons__outer-wrap uagb-btn__default-btn uagb-btn-tablet__default-btn uagb-btn-mobile__default-btn uagb-block-f4a8d0c8\"><div class=\"uagb-buttons__wrap uagb-buttons-layout-wrap\">\n<div class=\"wp-block-uagb-buttons-child uagb-buttons__outer-wrap uagb-block-bdf291b5 wp-block-button\" id=\"https:\/\/issuu.com\/edicionesparaninfo\/docs\/bases_premio_poesi_a_2026_espan_ol?fr=sMWM5NzgzNDg0MjQ\"><div class=\"uagb-button__wrapper\"><a class=\"uagb-buttons-repeater wp-block-button__link\" href=\"https:\/\/issuu.com\/edicionesparaninfo\/docs\/bases_premio_poesi_a_2026_espan_ol?fr=sMWM5NzgzNDg0MjQ\" onclick=\"return true;\" rel=\"follow noopener\" target=\"_blank\"><div class=\"uagb-button__link\">Bases (Espa\u00f1ol)<\/div><\/a><\/div><\/div>\n\n\n\n<div class=\"wp-block-uagb-buttons-child uagb-buttons__outer-wrap uagb-block-5eba9c43 wp-block-button\"><div class=\"uagb-button__wrapper\"><a class=\"uagb-buttons-repeater wp-block-button__link\" href=\"https:\/\/issuu.com\/edicionesparaninfo\/docs\/bases_premio_poesi_a_2026_ingle_s?fr=sMzg3MTgzNDg0MjQ\" onclick=\"return true;\" rel=\"follow noopener\" target=\"_self\"><div class=\"uagb-button__link\">Rules (English)<\/div><\/a><\/div><\/div>\n\n\n\n<div class=\"wp-block-uagb-buttons-child uagb-buttons__outer-wrap uagb-block-a7383fab wp-block-button\"><div class=\"uagb-button__wrapper\"><a class=\"uagb-buttons-repeater wp-block-button__link\" href=\"https:\/\/issuu.com\/edicionesparaninfo\/docs\/bases_premio_poesi_a_2026_france_s?fr=sZmZjMTgzNDg0MjQ\" onclick=\"return true;\" rel=\"follow noopener\" target=\"_self\"><div class=\"uagb-button__link\">Regl\u00e8ment (Fran\u00e7ais)<\/div><\/a><\/div><\/div>\n\n\n\n<div class=\"wp-block-uagb-buttons-child uagb-buttons__outer-wrap uagb-block-3e5cedc7 wp-block-button\"><div class=\"uagb-button__wrapper\"><a class=\"uagb-buttons-repeater wp-block-button__link\" href=\"https:\/\/issuu.com\/edicionesparaninfo\/docs\/bases_premio_poesi_a_2026_portugue_s?fr=sZDU4YjgzNDg0MjQ\" onclick=\"return true;\" rel=\"follow noopener\" target=\"_self\"><div class=\"uagb-button__link\">Regulamento<\/div><\/a><\/div><\/div>\n<\/div><\/div>\n\n\n\n<div class=\"wp-block-uagb-container uagb-block-ecabdcb0 alignfull uagb-is-root-container\"><div class=\"uagb-container-inner-blocks-wrap\"><\/div><\/div>\n\n\n\n<p><\/p>\n","protected":false},"excerpt":{"rendered":"","protected":false},"author":1,"featured_media":0,"parent":0,"menu_order":0,"comment_status":"closed","ping_status":"closed","template":"","meta":{"_uag_custom_page_level_css":"","site-sidebar-layout":"default","site-content-layout":"default","ast-global-header-display":"","ast-banner-title-visibility":"","ast-main-header-display":"","ast-hfb-above-header-display":"","ast-hfb-below-header-display":"","ast-hfb-mobile-header-display":"","site-post-title":"disabled","ast-breadcrumbs-content":"","ast-featured-img":"","footer-sml-layout":"","theme-transparent-header-meta":"enabled","adv-header-id-meta":"","stick-header-meta":"","header-above-stick-meta":"","header-main-stick-meta":"","header-below-stick-meta":"","footnotes":""},"class_list":["post-107","page","type-page","status-publish","hentry"],"uagb_featured_image_src":{"full":false,"thumbnail":false,"medium":false,"medium_large":false,"large":false,"1536x1536":false,"2048x2048":false},"uagb_author_info":{"display_name":"admin","author_link":"https:\/\/poesia.premiojovellanos.com\/?author=1"},"uagb_comment_info":0,"uagb_excerpt":null,"_links":{"self":[{"href":"https:\/\/poesia.premiojovellanos.com\/index.php?rest_route=\/wp\/v2\/pages\/107","targetHints":{"allow":["GET"]}}],"collection":[{"href":"https:\/\/poesia.premiojovellanos.com\/index.php?rest_route=\/wp\/v2\/pages"}],"about":[{"href":"https:\/\/poesia.premiojovellanos.com\/index.php?rest_route=\/wp\/v2\/types\/page"}],"author":[{"embeddable":true,"href":"https:\/\/poesia.premiojovellanos.com\/index.php?rest_route=\/wp\/v2\/users\/1"}],"replies":[{"embeddable":true,"href":"https:\/\/poesia.premiojovellanos.com\/index.php?rest_route=%2Fwp%2Fv2%2Fcomments&post=107"}],"version-history":[{"count":19,"href":"https:\/\/poesia.premiojovellanos.com\/index.php?rest_route=\/wp\/v2\/pages\/107\/revisions"}],"predecessor-version":[{"id":933,"href":"https:\/\/poesia.premiojovellanos.com\/index.php?rest_route=\/wp\/v2\/pages\/107\/revisions\/933"}],"wp:attachment":[{"href":"https:\/\/poesia.premiojovellanos.com\/index.php?rest_route=%2Fwp%2Fv2%2Fmedia&parent=107"}],"curies":[{"name":"wp","href":"https:\/\/api.w.org\/{rel}","templated":true}]}}